{"id":6,"date":"2019-05-07T12:57:24","date_gmt":"2019-05-07T10:57:24","guid":{"rendered":"http:\/\/feelgoodtravel.de\/feelgood\/?page_id=6"},"modified":"2025-02-23T14:31:59","modified_gmt":"2025-02-23T13:31:59","slug":"wer-sind-wir","status":"publish","type":"page","link":"https:\/\/feelgoodtravel.de\/feelgood\/wer-sind-wir\/","title":{"rendered":"\u00dcber uns"},"content":{"rendered":"\n<div class=\"normalp obermen\">\n\n<button class=\"wp-block-button lefty\" onclick=\"goBack();\">Zur\u00fcck<\/button>\n\n<button class=\"wp-block-button homebut\" onclick=\"goHome();\"> Home <\/button>\n<\/div>\n\n\n\n<p class=\"headline wp-block-paragraph\" style=\"font-size:21px\"><br><strong><span class=\"caps\">GR\u00dcNDERIN<\/span> <span class=\"caps\">UND<\/span> <span class=\"caps\">GESCH\u00c4FTSF\u00dcHRERIN<\/span><\/strong><\/p>\n\n\n\n<p class=\"headline has-text-color wp-block-paragraph\" style=\"color:#009040;font-size:38px\"><span class=\"caps\">CORINNA<\/span> <span class=\"caps\">GOGEL<\/span><\/p>\n\n\n\n<figure class=\"wp-block-image size-large normalp\"><img fetchpriority=\"high\" decoding=\"async\" width=\"1024\" height=\"611\" src=\"https:\/\/feelgoodtravel.de\/feelgood\/wp-content\/uploads\/2025\/02\/Corinna2025-1024x611.jpg\" alt class=\"wp-image-6552\" srcset=\"https:\/\/feelgoodtravel.de\/feelgood\/wp-content\/uploads\/2025\/02\/Corinna2025-1024x611.jpg 1024w, https:\/\/feelgoodtravel.de\/feelgood\/wp-content\/uploads\/2025\/02\/Corinna2025-300x179.jpg 300w, https:\/\/feelgoodtravel.de\/feelgood\/wp-content\/uploads\/2025\/02\/Corinna2025-768x458.jpg 768w, https:\/\/feelgoodtravel.de\/feelgood\/wp-content\/uploads\/2025\/02\/Corinna2025-1536x917.jpg 1536w, https:\/\/feelgoodtravel.de\/feelgood\/wp-content\/uploads\/2025\/02\/Corinna2025-2048x1222.jpg 2048w\" sizes=\"(max-width: 1024px) 100vw, 1024px\"><\/figure>\n\n\n\n<p class=\"normalp wp-block-paragraph\">Bereits in jungen Jahren fas\u00adzi\u00adnierten mich Reisen in ferne L\u00e4nder ebenso so wie die Welt der Werbung. So kom\u00adbi\u00adnierte ich beide Lei\u00adden\u00adschaften: Ich stu\u00addierte Grafik-Design sowie Wer\u00adbe\u00adwirt\u00adschaft und nutzte meine Frei\u00adzeiten zum Reisen. Auch stellte ich mir schon in jungen Jahren die Frage nach dem \u201cSinn des Lebens\u201d und befasste mich daher viel mit spi\u00adri\u00adtu\u00adellen und geis\u00adtigen Themen. Die Jahre nach dem Diplom f\u00fchrten mich durch ver\u00adschiedene Wer\u00adbe\u00adagen\u00adturen bis ich mit der Gr\u00fcndung einer eigenen Wer\u00adbe\u00adagentur meine beruf\u00adliche Heimat fand. Unser Fokus lag von Anfang an auf Kunden aus Hotel\u00adlerie und Gas\u00adtro\u00adnomie, z.B. M\u00f6venpick Hotels, Cur\u00adrasco und Maredo. Nach 10 erfolg\u00adreichen Unter\u00adneh\u00adme\u00adrinnen-Jahren startete ich eine zweite Kar\u00adriere: Ich wurde Mutter zweier T\u00f6chter und erf\u00fcllte mir meinen Wunsch eines Sab\u00adba\u00adticals in Thailand. Wobei aus einem Jahr inzwi\u00adschen 22 Jahre wurden. Dort bot sich mir die M\u00f6g\u00adlichkeit als Mar\u00adketing Mana\u00adgerin in einem Eco-Hotel t\u00e4tig zu werden, bis ich 2007 in Chiang Mai eine eigene Rei\u00adse\u00adagentur gr\u00fcndete: \u201cFeel Good Travel\u201d. Die Ent\u00adwicklung und Ver\u00admarktung von Rund\u00adreisen, Packages mit Yoga und Wellness, Hotel\u00adin\u00adspek\u00adtionen und \u2011auswahl sowie Orga\u00adni\u00adsation und Begleitung vieler Reisen schenkten mir wert\u00advolle Erfah\u00adrungen. Ebenso berate ich Leute, welche planen nach Thailand aus\u00adzu\u00adwandern.<br><br>Indien hat sie ver\u00adzaubert, 2017 ist sie zur ersten Palm\u00adblatt\u00adlesung nach Indien und ihr wurde gesagt, dass sie k\u00fcnftig auch mit Indien zusam\u00admen\u00adar\u00adbeiten w\u00fcrde und so kam es, dass sie Lesungen in Deutsch \u00fcber\u00adsetzt und online Lesungen f\u00fcr den Deutsch\u00adspra\u00adchigen Markt anbietet. In dieser T\u00e4tigkeit kann sie ihre viel\u00adreichen spi\u00adri\u00adtu\u00adellen Aus\u00adbil\u00addungen nutzen. Ich habe Aus\u00adbil\u00addungen in Vedi\u00adscher Astro\u00adlogie, Feng-Shui, Geo\u00admantie, Geist\u00adheilen, Sys\u00adtem\u00adauf\u00adstel\u00adlungen, Natur\u00adheil\u00adkunde, Medi\u00adta\u00adti\u00adons\u00adtech\u00adniken und Tanz.<br><br>Pri\u00advates Enga\u00adgement: Au\u00dferdem helfe ich Stra\u00ad\u00dfen\u00adhunden in Thailand. Vor allem fange ich Stra\u00ad\u00dfen\u00adhunde zur Kas\u00adtra\u00adtionen ein und helfe in einem Tierheim mit \u00fcber 300 Hunden, dort ist die medi\u00adzi\u00adnische Betreuung der Hunde meine Aufgabe. Mein Herz schl\u00e4gt f\u00fcr Hunde. <br><br>Ich freue mich sie betreffend Reisen, Aus\u00adwander Service  oder Palm\u00adblatt\u00adle\u00adsungen beraten zu k\u00f6nnen und freue mich den einen oder anderen Gast in einer meiner Gruppen will\u00adkommen zu hei\u00dfen.<br><br>Beste Gr\u00fc\u00dfe<br><br>Corinna Gogel<br><br><br><strong>Wad\u00adsakarn Pree\u00adcha\u00adlin\u00addawut<\/strong> ist meine thai\u00adl\u00e4n\u00addische Gesch\u00e4fts\u00adpart\u00adnerin, die sich im Hin\u00adter\u00adgrund um die Hotel\u00adver\u00adtr\u00e4ge und Orga\u00adni\u00adsation der Guides und Fahrer k\u00fcmmert. Auch k\u00fcmmert sie sich um die ganze Admi\u00adnis\u00adtration und Buchhaltung.&nbsp;<\/p>\n","protected":false},"excerpt":{"rendered":"<p>Zur\u00fcck Home <span class=\"caps\">GR\u00dcNDERIN<\/span> <span class=\"caps\">UND<\/span> <span class=\"caps\">GESCH\u00c4FTSF\u00dcHRERIN<\/span> <span class=\"caps\">CORINNA<\/span> <span class=\"caps\">GOGEL<\/span> Bereits in jungen Jahren fas\u00adzi\u00adnierten mich Reisen in ferne L\u00e4nder ebenso so wie die Welt der Werbung. So kom\u00adbi\u00adnierte ich beide Lei\u00adden\u00adschaften: Ich stu\u00addierte Grafik-Design sowie Wer\u00adbe\u00adwirt\u00adschaft und nutzte meine Frei\u00adzeiten zum Reisen. Auch stellte ich mir schon in jungen Jahren die Frage nach dem \u201cSinn des Lebens\u201d&nbsp;[\u2026]<\/p>\n","protected":false},"author":1,"featured_media":0,"parent":0,"menu_order":0,"comment_status":"closed","ping_status":"closed","template":"","meta":{"_crdt_document":"","wp_typography_post_enhancements_disabled":false,"footnotes":""},"class_list":["post-6","page","type-page","status-publish","hentry"],"yoast_head":"<!-- This site is optimized with the Yoast SEO plugin v27.4 - https:\/\/yoast.com\/product\/yoast-seo-wordpress\/ -->\n<title>\u00dcber uns - Feel Good Travel - Thailand und Indien Reisen<\/title>\n<meta name=\"robots\" content=\"index, follow, max-snippet:-1, max-image-preview:large, max-video-preview:-1\" \/>\n<link rel=\"canonical\" href=\"https:\/\/feelgoodtravel.de\/feelgood\/wer-sind-wir\/\" \/>\n<meta property=\"og:locale\" content=\"de_DE\" \/>\n<meta property=\"og:type\" content=\"article\" \/>\n<meta property=\"og:title\" content=\"\u00dcber uns - Feel Good Travel - Thailand und Indien Reisen\" \/>\n<meta property=\"og:description\" content=\"Zur\u00fcck Home GR\u00dcNDERIN UND GESCH\u00c4FTSF\u00dcHRERIN CORINNA GOGEL Bereits in jungen Jahren fas\u00adzi\u00adnierten mich Reisen in ferne L\u00e4nder ebenso so wie die Welt der Werbung. So kom\u00adbi\u00adnierte ich beide Lei\u00adden\u00adschaften: Ich stu\u00addierte Grafik-Design sowie Wer\u00adbe\u00adwirt\u00adschaft und nutzte meine Frei\u00adzeiten zum Reisen. Auch stellte ich mir schon in jungen Jahren die Frage nach dem \u201cSinn des Lebens\u201d [&hellip;]\" \/>\n<meta property=\"og:url\" content=\"https:\/\/feelgoodtravel.de\/feelgood\/wer-sind-wir\/\" \/>\n<meta property=\"og:site_name\" content=\"Feel Good Travel - Thailand und Indien Reisen\" \/>\n<meta property=\"article:publisher\" content=\"https:\/\/www.facebook.com\/Feel-Good-Travel-Thailand-408379492551546\/\" \/>\n<meta property=\"article:modified_time\" content=\"2025-02-23T13:31:59+00:00\" \/>\n<meta property=\"og:image\" content=\"https:\/\/feelgoodtravel.de\/feelgood\/wp-content\/uploads\/2025\/02\/Corinna2025-1024x611.jpg\" \/>\n<meta name=\"twitter:card\" content=\"summary_large_image\" \/>\n<meta name=\"twitter:label1\" content=\"Gesch\u00e4tzte Lesezeit\" \/>\n\t<meta name=\"twitter:data1\" content=\"3\u00a0Minuten\" \/>\n<script type=\"application\/ld+json\" class=\"yoast-schema-graph\">{\"@context\":\"https:\\\/\\\/schema.org\",\"@graph\":[{\"@type\":\"WebPage\",\"@id\":\"https:\\\/\\\/feelgoodtravel.de\\\/feelgood\\\/wer-sind-wir\\\/\",\"url\":\"https:\\\/\\\/feelgoodtravel.de\\\/feelgood\\\/wer-sind-wir\\\/\",\"name\":\"\u00dcber uns - Feel Good Travel - Thailand und Indien Reisen\",\"isPartOf\":{\"@id\":\"https:\\\/\\\/feelgoodtravel.de\\\/feelgood\\\/#website\"},\"primaryImageOfPage\":{\"@id\":\"https:\\\/\\\/feelgoodtravel.de\\\/feelgood\\\/wer-sind-wir\\\/#primaryimage\"},\"image\":{\"@id\":\"https:\\\/\\\/feelgoodtravel.de\\\/feelgood\\\/wer-sind-wir\\\/#primaryimage\"},\"thumbnailUrl\":\"https:\\\/\\\/feelgoodtravel.de\\\/feelgood\\\/wp-content\\\/uploads\\\/2025\\\/02\\\/Corinna2025-1024x611.jpg\",\"datePublished\":\"2019-05-07T10:57:24+00:00\",\"dateModified\":\"2025-02-23T13:31:59+00:00\",\"breadcrumb\":{\"@id\":\"https:\\\/\\\/feelgoodtravel.de\\\/feelgood\\\/wer-sind-wir\\\/#breadcrumb\"},\"inLanguage\":\"de\",\"potentialAction\":[{\"@type\":\"ReadAction\",\"target\":[\"https:\\\/\\\/feelgoodtravel.de\\\/feelgood\\\/wer-sind-wir\\\/\"]}]},{\"@type\":\"ImageObject\",\"inLanguage\":\"de\",\"@id\":\"https:\\\/\\\/feelgoodtravel.de\\\/feelgood\\\/wer-sind-wir\\\/#primaryimage\",\"url\":\"https:\\\/\\\/feelgoodtravel.de\\\/feelgood\\\/wp-content\\\/uploads\\\/2025\\\/02\\\/Corinna2025-scaled.jpg\",\"contentUrl\":\"https:\\\/\\\/feelgoodtravel.de\\\/feelgood\\\/wp-content\\\/uploads\\\/2025\\\/02\\\/Corinna2025-scaled.jpg\",\"width\":2560,\"height\":1528},{\"@type\":\"BreadcrumbList\",\"@id\":\"https:\\\/\\\/feelgoodtravel.de\\\/feelgood\\\/wer-sind-wir\\\/#breadcrumb\",\"itemListElement\":[{\"@type\":\"ListItem\",\"position\":1,\"name\":\"Startseite\",\"item\":\"https:\\\/\\\/feelgoodtravel.de\\\/feelgood\\\/\"},{\"@type\":\"ListItem\",\"position\":2,\"name\":\"\u00dcber uns\"}]},{\"@type\":\"WebSite\",\"@id\":\"https:\\\/\\\/feelgoodtravel.de\\\/feelgood\\\/#website\",\"url\":\"https:\\\/\\\/feelgoodtravel.de\\\/feelgood\\\/\",\"name\":\"Feel Good Travel - Thailand und Indien Reisen\",\"description\":\"\",\"publisher\":{\"@id\":\"https:\\\/\\\/feelgoodtravel.de\\\/feelgood\\\/#organization\"},\"potentialAction\":[{\"@type\":\"SearchAction\",\"target\":{\"@type\":\"EntryPoint\",\"urlTemplate\":\"https:\\\/\\\/feelgoodtravel.de\\\/feelgood\\\/?s={search_term_string}\"},\"query-input\":{\"@type\":\"PropertyValueSpecification\",\"valueRequired\":true,\"valueName\":\"search_term_string\"}}],\"inLanguage\":\"de\"},{\"@type\":\"Organization\",\"@id\":\"https:\\\/\\\/feelgoodtravel.de\\\/feelgood\\\/#organization\",\"name\":\"Feel Good Travel - Thailand und Indien Reisen\",\"url\":\"https:\\\/\\\/feelgoodtravel.de\\\/feelgood\\\/\",\"logo\":{\"@type\":\"ImageObject\",\"inLanguage\":\"de\",\"@id\":\"https:\\\/\\\/feelgoodtravel.de\\\/feelgood\\\/#\\\/schema\\\/logo\\\/image\\\/\",\"url\":\"https:\\\/\\\/feelgoodtravel.de\\\/feelgood\\\/wp-content\\\/uploads\\\/2023\\\/01\\\/feel-good-travel-logo.gif\",\"contentUrl\":\"https:\\\/\\\/feelgoodtravel.de\\\/feelgood\\\/wp-content\\\/uploads\\\/2023\\\/01\\\/feel-good-travel-logo.gif\",\"width\":230,\"height\":93,\"caption\":\"Feel Good Travel - Thailand und Indien Reisen\"},\"image\":{\"@id\":\"https:\\\/\\\/feelgoodtravel.de\\\/feelgood\\\/#\\\/schema\\\/logo\\\/image\\\/\"},\"sameAs\":[\"https:\\\/\\\/www.facebook.com\\\/Feel-Good-Travel-Thailand-408379492551546\\\/\",\"https:\\\/\\\/www.instagram.com\\\/feelgood.travel\\\/\"]}]}<\/script>\n<!-- \/ Yoast SEO plugin. -->","yoast_head_json":{"title":"\u00dcber uns - Feel Good Travel - Thailand und Indien Reisen","robots":{"index":"index","follow":"follow","max-snippet":"max-snippet:-1","max-image-preview":"max-image-preview:large","max-video-preview":"max-video-preview:-1"},"canonical":"https:\/\/feelgoodtravel.de\/feelgood\/wer-sind-wir\/","og_locale":"de_DE","og_type":"article","og_title":"\u00dcber uns - Feel Good Travel - Thailand und Indien Reisen","og_description":"Zur\u00fcck Home GR\u00dcNDERIN UND GESCH\u00c4FTSF\u00dcHRERIN CORINNA GOGEL Bereits in jungen Jahren fas\u00adzi\u00adnierten mich Reisen in ferne L\u00e4nder ebenso so wie die Welt der Werbung. So kom\u00adbi\u00adnierte ich beide Lei\u00adden\u00adschaften: Ich stu\u00addierte Grafik-Design sowie Wer\u00adbe\u00adwirt\u00adschaft und nutzte meine Frei\u00adzeiten zum Reisen. Auch stellte ich mir schon in jungen Jahren die Frage nach dem \u201cSinn des Lebens\u201d [&hellip;]","og_url":"https:\/\/feelgoodtravel.de\/feelgood\/wer-sind-wir\/","og_site_name":"Feel Good Travel - Thailand und Indien Reisen","article_publisher":"https:\/\/www.facebook.com\/Feel-Good-Travel-Thailand-408379492551546\/","article_modified_time":"2025-02-23T13:31:59+00:00","og_image":[{"url":"https:\/\/feelgoodtravel.de\/feelgood\/wp-content\/uploads\/2025\/02\/Corinna2025-1024x611.jpg","type":"","width":"","height":""}],"twitter_card":"summary_large_image","twitter_misc":{"Gesch\u00e4tzte Lesezeit":"3\u00a0Minuten"},"schema":{"@context":"https:\/\/schema.org","@graph":[{"@type":"WebPage","@id":"https:\/\/feelgoodtravel.de\/feelgood\/wer-sind-wir\/","url":"https:\/\/feelgoodtravel.de\/feelgood\/wer-sind-wir\/","name":"\u00dcber uns - Feel Good Travel - Thailand und Indien Reisen","isPartOf":{"@id":"https:\/\/feelgoodtravel.de\/feelgood\/#website"},"primaryImageOfPage":{"@id":"https:\/\/feelgoodtravel.de\/feelgood\/wer-sind-wir\/#primaryimage"},"image":{"@id":"https:\/\/feelgoodtravel.de\/feelgood\/wer-sind-wir\/#primaryimage"},"thumbnailUrl":"https:\/\/feelgoodtravel.de\/feelgood\/wp-content\/uploads\/2025\/02\/Corinna2025-1024x611.jpg","datePublished":"2019-05-07T10:57:24+00:00","dateModified":"2025-02-23T13:31:59+00:00","breadcrumb":{"@id":"https:\/\/feelgoodtravel.de\/feelgood\/wer-sind-wir\/#breadcrumb"},"inLanguage":"de","potentialAction":[{"@type":"ReadAction","target":["https:\/\/feelgoodtravel.de\/feelgood\/wer-sind-wir\/"]}]},{"@type":"ImageObject","inLanguage":"de","@id":"https:\/\/feelgoodtravel.de\/feelgood\/wer-sind-wir\/#primaryimage","url":"https:\/\/feelgoodtravel.de\/feelgood\/wp-content\/uploads\/2025\/02\/Corinna2025-scaled.jpg","contentUrl":"https:\/\/feelgoodtravel.de\/feelgood\/wp-content\/uploads\/2025\/02\/Corinna2025-scaled.jpg","width":2560,"height":1528},{"@type":"BreadcrumbList","@id":"https:\/\/feelgoodtravel.de\/feelgood\/wer-sind-wir\/#breadcrumb","itemListElement":[{"@type":"ListItem","position":1,"name":"Startseite","item":"https:\/\/feelgoodtravel.de\/feelgood\/"},{"@type":"ListItem","position":2,"name":"\u00dcber uns"}]},{"@type":"WebSite","@id":"https:\/\/feelgoodtravel.de\/feelgood\/#website","url":"https:\/\/feelgoodtravel.de\/feelgood\/","name":"Feel Good Travel - Thailand und Indien Reisen","description":"","publisher":{"@id":"https:\/\/feelgoodtravel.de\/feelgood\/#organization"},"potentialAction":[{"@type":"SearchAction","target":{"@type":"EntryPoint","urlTemplate":"https:\/\/feelgoodtravel.de\/feelgood\/?s={search_term_string}"},"query-input":{"@type":"PropertyValueSpecification","valueRequired":true,"valueName":"search_term_string"}}],"inLanguage":"de"},{"@type":"Organization","@id":"https:\/\/feelgoodtravel.de\/feelgood\/#organization","name":"Feel Good Travel - Thailand und Indien Reisen","url":"https:\/\/feelgoodtravel.de\/feelgood\/","logo":{"@type":"ImageObject","inLanguage":"de","@id":"https:\/\/feelgoodtravel.de\/feelgood\/#\/schema\/logo\/image\/","url":"https:\/\/feelgoodtravel.de\/feelgood\/wp-content\/uploads\/2023\/01\/feel-good-travel-logo.gif","contentUrl":"https:\/\/feelgoodtravel.de\/feelgood\/wp-content\/uploads\/2023\/01\/feel-good-travel-logo.gif","width":230,"height":93,"caption":"Feel Good Travel - Thailand und Indien Reisen"},"image":{"@id":"https:\/\/feelgoodtravel.de\/feelgood\/#\/schema\/logo\/image\/"},"sameAs":["https:\/\/www.facebook.com\/Feel-Good-Travel-Thailand-408379492551546\/","https:\/\/www.instagram.com\/feelgood.travel\/"]}]}},"rttpg_featured_image_url":null,"rttpg_author":{"display_name":"traveladmin","author_link":"https:\/\/feelgoodtravel.de\/feelgood\/author\/traveladmin\/"},"rttpg_comment":0,"rttpg_category":null,"rttpg_excerpt":"Zur\u00fcck Home GR\u00dcNDERIN UND GESCH\u00c4FTSF\u00dcHRERIN CORINNA GOGEL Bereits in jungen Jahren fas\u00adzi\u00adnierten mich Reisen in ferne L\u00e4nder ebenso so wie die Welt der Werbung. So kom\u00adbi\u00adnierte ich beide Lei\u00adden\u00adschaften: Ich stu\u00addierte Grafik-Design sowie Wer\u00adbe\u00adwirt\u00adschaft und nutzte meine Frei\u00adzeiten zum Reisen. Auch stellte ich mir schon in jungen Jahren die Frage nach dem \u201cSinn des Lebens\u201d&hellip;","_links":{"self":[{"href":"https:\/\/feelgoodtravel.de\/feelgood\/wp-json\/wp\/v2\/pages\/6","targetHints":{"allow":["GET"]}}],"collection":[{"href":"https:\/\/feelgoodtravel.de\/feelgood\/wp-json\/wp\/v2\/pages"}],"about":[{"href":"https:\/\/feelgoodtravel.de\/feelgood\/wp-json\/wp\/v2\/types\/page"}],"author":[{"embeddable":true,"href":"https:\/\/feelgoodtravel.de\/feelgood\/wp-json\/wp\/v2\/users\/1"}],"replies":[{"embeddable":true,"href":"https:\/\/feelgoodtravel.de\/feelgood\/wp-json\/wp\/v2\/comments?post=6"}],"version-history":[{"count":25,"href":"https:\/\/feelgoodtravel.de\/feelgood\/wp-json\/wp\/v2\/pages\/6\/revisions"}],"predecessor-version":[{"id":6556,"href":"https:\/\/feelgoodtravel.de\/feelgood\/wp-json\/wp\/v2\/pages\/6\/revisions\/6556"}],"wp:attachment":[{"href":"https:\/\/feelgoodtravel.de\/feelgood\/wp-json\/wp\/v2\/media?parent=6"}],"curies":[{"name":"wp","href":"https:\/\/api.w.org\/{rel}","templated":true}]}}