{"id":5709,"date":"2019-09-14T17:57:45","date_gmt":"2019-09-14T15:57:45","guid":{"rendered":"http:\/\/feelgoodtravel.de\/?page_id=5709"},"modified":"2025-09-03T18:50:52","modified_gmt":"2025-09-03T16:50:52","slug":"fairer-tourismus","status":"publish","type":"page","link":"https:\/\/feelgoodtravel.de\/feelgood\/fairer-tourismus\/","title":{"rendered":"<span class=\"caps\">FAIRER<\/span> <span class=\"caps\">TOURISMUS<\/span>"},"content":{"rendered":"\n<div class=\"normalp obermen\">\n\n<button class=\"wp-block-button lefty\" onclick=\"goBack();\">Zur\u00fcck<\/button>\n\n<button class=\"wp-block-button homebut\" onclick=\"goHome();\"> Home <\/button>\n<\/div>\n\n\n\n<p class=\"normalp wp-block-paragraph\">Indem wir Reisen mit ein\u00adhei\u00admi\u00adschen Guides planen und die Reisen durch\u00adf\u00fchren, tragen wir zur lokalen Wirt\u00adschaft bei und betei\u00adligen uns zudem an der Schaffung von Arbeitspl\u00e4tzen!<\/p>\n\n\n\n<p class=\"normalp wp-block-paragraph\">Wir leben in den Ziel\u00adl\u00e4ndern und arbeiten direkt mit lokalen Hotels, Rei\u00adse\u00adf\u00fchrern und Fahrern. Wir bezahlen unsere Guides und Fahrer fair, \u00fcber dem \u00fcblichen Markt\u00adpreis. Auch ist es uns wichtig eine dau\u00ader\u00adhaftere Beziehung zu ihnen zu f\u00fchren.<\/p>\n\n\n\n<p class=\"normalp wp-block-paragraph\"><strong>Respekt <span class=\"amp\">&amp;<\/span> Erhaltung der Lokalen Kultur<\/strong><\/p>\n\n\n\n<p class=\"normalp wp-block-paragraph\">Der Respekt vor Mit\u00admen\u00adschen ist f\u00fcr das Feel Good-Team ein \u00e4u\u00dferst wich\u00adtiger Wert und genau mit diesem Wert f\u00fchren wir unsere Reisen um. Wir respek\u00adtieren und achten die Kultur vor&nbsp;Ort.<\/p>\n\n\n\n<p class=\"normalp wp-block-paragraph\">Bei Ihrer Ankunft werden Sie von Ihrem Guide \u00fcber die Gepflo\u00adgen\u00adheiten und Tra\u00addi\u00adtionen des Landes infor\u00admiert. Wir stellen Ihnen bei Bedarf eine Liste inter\u00ades\u00adsanter Orte zur Ver\u00adf\u00fcgung, an denen Sie Kunst\u00adhand\u00adwerker und K\u00fcnstler treffen und die lokale Gas\u00adtro\u00adnomie an authen\u00adti\u00adschen Orten ent\u00addecken k\u00f6nnen, die in den Rei\u00adse\u00adf\u00fchrern oder im Internet nur schwer zu finden sind.<\/p>\n\n\n\n<p class=\"normalp wp-block-paragraph\"><strong>Treffen <span class=\"amp\">&amp;<\/span> Momente Teilen<\/strong><\/p>\n\n\n\n<p class=\"normalp wp-block-paragraph\">Wir glauben, dass eine authen\u00adtische Reise ein mensch\u00adliches Gesicht hat, welches aus sch\u00f6nen Begeg\u00adnungen, gemein\u00adsamen Momenten und kul\u00adtu\u00adrellem Aus\u00adtausch besteht. Wir sind vor allem ein Mode\u00adrator von Treffen mit den Ein\u00adwohnern, die die T\u00fcren ihrer L\u00e4nder \u00f6ffnen.<\/p>\n\n\n\n<p class=\"normalp wp-block-paragraph\">Bei uns kommt man in Kontakt mit den Ein\u00adhei\u00admi\u00adschen. Begeg\u00adnungen der ber\u00fch\u00adrenden Art und&nbsp;Weise.&nbsp;<\/p>\n\n\n\n<p class=\"wp-block-paragraph\"><\/p>\n","protected":false},"excerpt":{"rendered":"<p>Zur\u00fcck Home Indem wir Reisen mit ein\u00adhei\u00admi\u00adschen Guides planen und die Reisen durch\u00adf\u00fchren, tragen wir zur lokalen Wirt\u00adschaft bei und betei\u00adligen uns zudem an der Schaffung von Arbeits\u00adpl\u00e4tzen! Wir leben in den Ziel\u00adl\u00e4ndern und arbeiten direkt mit lokalen Hotels, Rei\u00adse\u00adf\u00fchrern und Fahrern. Wir bezahlen unsere Guides und Fahrer fair, \u00fcber dem \u00fcblichen Markt\u00adpreis. Auch&nbsp;ist&nbsp;[\u2026]<\/p>\n","protected":false},"author":1,"featured_media":0,"parent":0,"menu_order":0,"comment_status":"closed","ping_status":"closed","template":"","meta":{"_crdt_document":"","wp_typography_post_enhancements_disabled":false,"footnotes":""},"class_list":["post-5709","page","type-page","status-publish","hentry"],"yoast_head":"<!-- This site is optimized with the Yoast SEO plugin v27.4 - https:\/\/yoast.com\/product\/yoast-seo-wordpress\/ -->\n<title>FAIRER TOURISMUS - Feel Good Travel - Thailand und Indien Reisen<\/title>\n<meta name=\"description\" content=\"Wir glauben, dass eine authentische Reise ein menschliches Gesicht hat, welches aus sch\u00f6nen Begegnungen und kulturellem Austausch besteht.\" \/>\n<meta name=\"robots\" content=\"index, follow, max-snippet:-1, max-image-preview:large, max-video-preview:-1\" \/>\n<link rel=\"canonical\" href=\"https:\/\/feelgoodtravel.de\/feelgood\/fairer-tourismus\/\" \/>\n<meta property=\"og:locale\" content=\"de_DE\" \/>\n<meta property=\"og:type\" content=\"article\" \/>\n<meta property=\"og:title\" content=\"FAIRER TOURISMUS - Feel Good Travel - Thailand und Indien Reisen\" \/>\n<meta property=\"og:description\" content=\"Wir glauben, dass eine authentische Reise ein menschliches Gesicht hat, welches aus sch\u00f6nen Begegnungen und kulturellem Austausch besteht.\" \/>\n<meta property=\"og:url\" content=\"https:\/\/feelgoodtravel.de\/feelgood\/fairer-tourismus\/\" \/>\n<meta property=\"og:site_name\" content=\"Feel Good Travel - Thailand und Indien Reisen\" \/>\n<meta property=\"article:publisher\" content=\"https:\/\/www.facebook.com\/Feel-Good-Travel-Thailand-408379492551546\/\" \/>\n<meta property=\"article:modified_time\" content=\"2025-09-03T16:50:52+00:00\" \/>\n<meta name=\"twitter:card\" content=\"summary_large_image\" \/>\n<meta name=\"twitter:label1\" content=\"Gesch\u00e4tzte Lesezeit\" \/>\n\t<meta name=\"twitter:data1\" content=\"2\u00a0Minuten\" \/>\n<script type=\"application\/ld+json\" class=\"yoast-schema-graph\">{\"@context\":\"https:\\\/\\\/schema.org\",\"@graph\":[{\"@type\":\"WebPage\",\"@id\":\"https:\\\/\\\/feelgoodtravel.de\\\/feelgood\\\/fairer-tourismus\\\/\",\"url\":\"https:\\\/\\\/feelgoodtravel.de\\\/feelgood\\\/fairer-tourismus\\\/\",\"name\":\"FAIRER TOURISMUS - Feel Good Travel - Thailand und Indien Reisen\",\"isPartOf\":{\"@id\":\"https:\\\/\\\/feelgoodtravel.de\\\/feelgood\\\/#website\"},\"datePublished\":\"2019-09-14T15:57:45+00:00\",\"dateModified\":\"2025-09-03T16:50:52+00:00\",\"description\":\"Wir glauben, dass eine authentische Reise ein menschliches Gesicht hat, welches aus sch\u00f6nen Begegnungen und kulturellem Austausch besteht.\",\"breadcrumb\":{\"@id\":\"https:\\\/\\\/feelgoodtravel.de\\\/feelgood\\\/fairer-tourismus\\\/#breadcrumb\"},\"inLanguage\":\"de\",\"potentialAction\":[{\"@type\":\"ReadAction\",\"target\":[\"https:\\\/\\\/feelgoodtravel.de\\\/feelgood\\\/fairer-tourismus\\\/\"]}]},{\"@type\":\"BreadcrumbList\",\"@id\":\"https:\\\/\\\/feelgoodtravel.de\\\/feelgood\\\/fairer-tourismus\\\/#breadcrumb\",\"itemListElement\":[{\"@type\":\"ListItem\",\"position\":1,\"name\":\"Startseite\",\"item\":\"https:\\\/\\\/feelgoodtravel.de\\\/feelgood\\\/\"},{\"@type\":\"ListItem\",\"position\":2,\"name\":\"FAIRER TOURISMUS\"}]},{\"@type\":\"WebSite\",\"@id\":\"https:\\\/\\\/feelgoodtravel.de\\\/feelgood\\\/#website\",\"url\":\"https:\\\/\\\/feelgoodtravel.de\\\/feelgood\\\/\",\"name\":\"Feel Good Travel - Thailand und Indien Reisen\",\"description\":\"\",\"publisher\":{\"@id\":\"https:\\\/\\\/feelgoodtravel.de\\\/feelgood\\\/#organization\"},\"potentialAction\":[{\"@type\":\"SearchAction\",\"target\":{\"@type\":\"EntryPoint\",\"urlTemplate\":\"https:\\\/\\\/feelgoodtravel.de\\\/feelgood\\\/?s={search_term_string}\"},\"query-input\":{\"@type\":\"PropertyValueSpecification\",\"valueRequired\":true,\"valueName\":\"search_term_string\"}}],\"inLanguage\":\"de\"},{\"@type\":\"Organization\",\"@id\":\"https:\\\/\\\/feelgoodtravel.de\\\/feelgood\\\/#organization\",\"name\":\"Feel Good Travel - Thailand und Indien Reisen\",\"url\":\"https:\\\/\\\/feelgoodtravel.de\\\/feelgood\\\/\",\"logo\":{\"@type\":\"ImageObject\",\"inLanguage\":\"de\",\"@id\":\"https:\\\/\\\/feelgoodtravel.de\\\/feelgood\\\/#\\\/schema\\\/logo\\\/image\\\/\",\"url\":\"https:\\\/\\\/feelgoodtravel.de\\\/feelgood\\\/wp-content\\\/uploads\\\/2023\\\/01\\\/feel-good-travel-logo.gif\",\"contentUrl\":\"https:\\\/\\\/feelgoodtravel.de\\\/feelgood\\\/wp-content\\\/uploads\\\/2023\\\/01\\\/feel-good-travel-logo.gif\",\"width\":230,\"height\":93,\"caption\":\"Feel Good Travel - Thailand und Indien Reisen\"},\"image\":{\"@id\":\"https:\\\/\\\/feelgoodtravel.de\\\/feelgood\\\/#\\\/schema\\\/logo\\\/image\\\/\"},\"sameAs\":[\"https:\\\/\\\/www.facebook.com\\\/Feel-Good-Travel-Thailand-408379492551546\\\/\",\"https:\\\/\\\/www.instagram.com\\\/feelgood.travel\\\/\"]}]}<\/script>\n<!-- \/ Yoast SEO plugin. -->","yoast_head_json":{"title":"FAIRER TOURISMUS - Feel Good Travel - Thailand und Indien Reisen","description":"Wir glauben, dass eine authentische Reise ein menschliches Gesicht hat, welches aus sch\u00f6nen Begegnungen und kulturellem Austausch besteht.","robots":{"index":"index","follow":"follow","max-snippet":"max-snippet:-1","max-image-preview":"max-image-preview:large","max-video-preview":"max-video-preview:-1"},"canonical":"https:\/\/feelgoodtravel.de\/feelgood\/fairer-tourismus\/","og_locale":"de_DE","og_type":"article","og_title":"FAIRER TOURISMUS - Feel Good Travel - Thailand und Indien Reisen","og_description":"Wir glauben, dass eine authentische Reise ein menschliches Gesicht hat, welches aus sch\u00f6nen Begegnungen und kulturellem Austausch besteht.","og_url":"https:\/\/feelgoodtravel.de\/feelgood\/fairer-tourismus\/","og_site_name":"Feel Good Travel - Thailand und Indien Reisen","article_publisher":"https:\/\/www.facebook.com\/Feel-Good-Travel-Thailand-408379492551546\/","article_modified_time":"2025-09-03T16:50:52+00:00","twitter_card":"summary_large_image","twitter_misc":{"Gesch\u00e4tzte Lesezeit":"2\u00a0Minuten"},"schema":{"@context":"https:\/\/schema.org","@graph":[{"@type":"WebPage","@id":"https:\/\/feelgoodtravel.de\/feelgood\/fairer-tourismus\/","url":"https:\/\/feelgoodtravel.de\/feelgood\/fairer-tourismus\/","name":"FAIRER TOURISMUS - Feel Good Travel - Thailand und Indien Reisen","isPartOf":{"@id":"https:\/\/feelgoodtravel.de\/feelgood\/#website"},"datePublished":"2019-09-14T15:57:45+00:00","dateModified":"2025-09-03T16:50:52+00:00","description":"Wir glauben, dass eine authentische Reise ein menschliches Gesicht hat, welches aus sch\u00f6nen Begegnungen und kulturellem Austausch besteht.","breadcrumb":{"@id":"https:\/\/feelgoodtravel.de\/feelgood\/fairer-tourismus\/#breadcrumb"},"inLanguage":"de","potentialAction":[{"@type":"ReadAction","target":["https:\/\/feelgoodtravel.de\/feelgood\/fairer-tourismus\/"]}]},{"@type":"BreadcrumbList","@id":"https:\/\/feelgoodtravel.de\/feelgood\/fairer-tourismus\/#breadcrumb","itemListElement":[{"@type":"ListItem","position":1,"name":"Startseite","item":"https:\/\/feelgoodtravel.de\/feelgood\/"},{"@type":"ListItem","position":2,"name":"FAIRER TOURISMUS"}]},{"@type":"WebSite","@id":"https:\/\/feelgoodtravel.de\/feelgood\/#website","url":"https:\/\/feelgoodtravel.de\/feelgood\/","name":"Feel Good Travel - Thailand und Indien Reisen","description":"","publisher":{"@id":"https:\/\/feelgoodtravel.de\/feelgood\/#organization"},"potentialAction":[{"@type":"SearchAction","target":{"@type":"EntryPoint","urlTemplate":"https:\/\/feelgoodtravel.de\/feelgood\/?s={search_term_string}"},"query-input":{"@type":"PropertyValueSpecification","valueRequired":true,"valueName":"search_term_string"}}],"inLanguage":"de"},{"@type":"Organization","@id":"https:\/\/feelgoodtravel.de\/feelgood\/#organization","name":"Feel Good Travel - Thailand und Indien Reisen","url":"https:\/\/feelgoodtravel.de\/feelgood\/","logo":{"@type":"ImageObject","inLanguage":"de","@id":"https:\/\/feelgoodtravel.de\/feelgood\/#\/schema\/logo\/image\/","url":"https:\/\/feelgoodtravel.de\/feelgood\/wp-content\/uploads\/2023\/01\/feel-good-travel-logo.gif","contentUrl":"https:\/\/feelgoodtravel.de\/feelgood\/wp-content\/uploads\/2023\/01\/feel-good-travel-logo.gif","width":230,"height":93,"caption":"Feel Good Travel - Thailand und Indien Reisen"},"image":{"@id":"https:\/\/feelgoodtravel.de\/feelgood\/#\/schema\/logo\/image\/"},"sameAs":["https:\/\/www.facebook.com\/Feel-Good-Travel-Thailand-408379492551546\/","https:\/\/www.instagram.com\/feelgood.travel\/"]}]}},"rttpg_featured_image_url":null,"rttpg_author":{"display_name":"traveladmin","author_link":"https:\/\/feelgoodtravel.de\/feelgood\/author\/traveladmin\/"},"rttpg_comment":0,"rttpg_category":null,"rttpg_excerpt":"Zur\u00fcck Home Indem wir Reisen mit ein\u00adhei\u00admi\u00adschen Guides planen und die Reisen durch\u00adf\u00fchren, tragen wir zur lokalen Wirt\u00adschaft bei und betei\u00adligen uns zudem an der Schaffung von Arbeitspl\u00e4tzen! Wir leben in den Ziel\u00adl\u00e4ndern und arbeiten direkt mit lokalen Hotels, Rei\u00adse\u00adf\u00fchrern und Fahrern. Wir bezahlen unsere Guides und Fahrer fair, \u00fcber dem \u00fcblichen Markt\u00adpreis. Auch ist&hellip;","_links":{"self":[{"href":"https:\/\/feelgoodtravel.de\/feelgood\/wp-json\/wp\/v2\/pages\/5709","targetHints":{"allow":["GET"]}}],"collection":[{"href":"https:\/\/feelgoodtravel.de\/feelgood\/wp-json\/wp\/v2\/pages"}],"about":[{"href":"https:\/\/feelgoodtravel.de\/feelgood\/wp-json\/wp\/v2\/types\/page"}],"author":[{"embeddable":true,"href":"https:\/\/feelgoodtravel.de\/feelgood\/wp-json\/wp\/v2\/users\/1"}],"replies":[{"embeddable":true,"href":"https:\/\/feelgoodtravel.de\/feelgood\/wp-json\/wp\/v2\/comments?post=5709"}],"version-history":[{"count":4,"href":"https:\/\/feelgoodtravel.de\/feelgood\/wp-json\/wp\/v2\/pages\/5709\/revisions"}],"predecessor-version":[{"id":6712,"href":"https:\/\/feelgoodtravel.de\/feelgood\/wp-json\/wp\/v2\/pages\/5709\/revisions\/6712"}],"wp:attachment":[{"href":"https:\/\/feelgoodtravel.de\/feelgood\/wp-json\/wp\/v2\/media?parent=5709"}],"curies":[{"name":"wp","href":"https:\/\/api.w.org\/{rel}","templated":true}]}}