{"id":3335,"date":"2019-06-13T15:59:38","date_gmt":"2019-06-13T13:59:38","guid":{"rendered":"http:\/\/feelgoodtravel.de\/feelgood\/?page_id=3335"},"modified":"2019-06-24T14:38:00","modified_gmt":"2019-06-24T12:38:00","slug":"help-for-dogs-thailand","status":"publish","type":"page","link":"https:\/\/feelgoodtravel.de\/feelgood\/help-for-dogs-thailand\/","title":{"rendered":"Help for Dogs Thailand"},"content":{"rendered":"\n<div class=\"normalp obermen\">\n\n<button class=\"wp-block-button lefty\" onclick=\"goBack();\">Zur\u00fcck<\/button>\n\n<button class=\"wp-block-button homebut\" onclick=\"goHome();\"> Home <\/button>\n<\/div>\n\n\n\n<p style=\"color:#009040;font-size:38px\" class=\"has-text-color headline wp-block-paragraph\"><span class=\"caps\">UNSER<\/span> <span class=\"caps\">HILFSPROJEKT<\/span>: <br><span class=\"caps\">HELP<\/span> <span class=\"caps\">FOR<\/span> <span class=\"caps\">DOGS<\/span> <span class=\"caps\">THAILAND<\/span>&nbsp;<\/p>\n\n\n\n<figure class=\"wp-block-image normalp\"><img fetchpriority=\"high\" decoding=\"async\" width=\"1024\" height=\"361\" src=\"http:\/\/feelgoodtravel.de\/feelgood\/wp-content\/uploads\/2019\/06\/CorinnaTierheimQuer-1024x361.jpg\" alt class=\"wp-image-3338\" srcset=\"https:\/\/feelgoodtravel.de\/feelgood\/wp-content\/uploads\/2019\/06\/CorinnaTierheimQuer-1024x361.jpg 1024w, https:\/\/feelgoodtravel.de\/feelgood\/wp-content\/uploads\/2019\/06\/CorinnaTierheimQuer-300x106.jpg 300w, https:\/\/feelgoodtravel.de\/feelgood\/wp-content\/uploads\/2019\/06\/CorinnaTierheimQuer-768x271.jpg 768w, https:\/\/feelgoodtravel.de\/feelgood\/wp-content\/uploads\/2019\/06\/CorinnaTierheimQuer-1568x553.jpg 1568w\" sizes=\"(max-width: 1024px) 100vw, 1024px\"><\/figure>\n\n\n\n<p class=\"normalp wp-block-paragraph\">Unser Hun\u00adde\u00adhilfs\u00adprojekt \u201cHelp for Dogs Thailand\u201d nimmt kranke Hunde von der Stra\u00dfe auf. <br>Ver\u00adsorgt diese medi\u00adzi\u00adnisch und sucht Adoptionsstelle.<\/p>\n\n\n\n<p class=\"normalp wp-block-paragraph\">Jedoch haben wir die letzten Jahre mehr Hunde auf\u00adge\u00adnommen als ver\u00admittelt, so ist unser kleines Tierheim gewachsen, es leben nun immer zwi\u00adschen 15 und 25 Hunden bei uns. Und wir arbeiten mit einem gro\u00dfen Tierheim zusammen, welches \u00fcber 300 Hunde beher\u00adbergt. Dort helfen wir mit der medi\u00adzi\u00adni\u00adschen Ver\u00adsorgung und Volont\u00e4ren.<\/p>\n\n\n\n<p class=\"normalp wp-block-paragraph\">Und das bringt viel Arbeit: die Hunde m\u00fcssen gef\u00fcttert und geduscht werden, Medi\u00adka\u00admente gegeben, eine Grund\u00adaus\u00adbildung in Erziehung erhalten b. B. Training an der Leine und vor allem ben\u00f6\u00adtigen die Hunde Zuwendung. Fast alle sind sehr anh\u00e4nglich und suchen Streicheleinheiten.&nbsp;<\/p>\n\n\n\n<p class=\"normalp wp-block-paragraph\">Und einmal pro Woche besuchen wir die Hunde\nim Tempel, f\u00fcttern und ver\u00adarzten diese.<\/p>\n\n\n\n<p class=\"normalp wp-block-paragraph\">Daher ben\u00f6\u00adtigen wir dringend Hilfe.<\/p>\n\n\n\n<p class=\"normalp wp-block-paragraph\">Wir suchen daher tier\u00adliebe Men\u00adschen, die\neinige Zeit hier bei uns im Projekt wohnen und helfen m\u00f6chten.<\/p>\n\n\n\n<p class=\"normalp wp-block-paragraph\">Unser Tierheim liegt 20 Minuten au\u00dferhalb\nvon Chiang Mai.<\/p>\n\n\n\n<p class=\"normalp wp-block-paragraph\">Ein G\u00e4s\u00adte\u00adzimmer mit Bad steht zur\nVerf\u00fcgung.&nbsp;<\/p>\n\n\n\n<p class=\"normalp wp-block-paragraph\">Eben\u00adfalls gibt es ein Moped und Fahrrad um\nfle\u00adxibel zu&nbsp;sein.<\/p>\n\n\n\n<p class=\"normalp wp-block-paragraph\">Ihr Arbeitstag hat 5 Stunden. An 5 \u2014 6\nTagen pro&nbsp;Woche.<\/p>\n\n\n\n<p class=\"normalp wp-block-paragraph\">So k\u00f6nnen Sie auch immer wieder Aus\u00adfl\u00fcge in\ndie Stadt unter\u00adnehmen oder auch mal einige Tage lang die Berge Nord\u00adthai\u00adlands\nent\u00addecken. Wir zeigen euch auch gerne den Norden.<\/p>\n\n\n\n<p class=\"normalp wp-block-paragraph\">\u00dcber\u00adnachtung mit Fr\u00fch\u00adst\u00fcck ist&nbsp;frei.<\/p>\n\n\n\n<p class=\"normalp wp-block-paragraph\">Ein Schwimmbad ist 5 Minuten entfernt.<\/p>\n\n\n\n<p class=\"normalp wp-block-paragraph\">Ob f\u00fcr 3 Wochen oder auch den ganzen Winter\n\u00fcber, wir freuen uns \u00fcber Unterst\u00fctzung.<\/p>\n\n\n\n<p class=\"normalp wp-block-paragraph\">Und nat\u00fcrlich freuen wir uns auch immer \u00fcber Spenden. Wir k\u00f6nnen Spen\u00adden\u00adbe\u00adschei\u00adni\u00adgungen aus\u00adstellen, da wir ein Deut\u00adscher Verein sind. <a href=\"http:\/\/www.helpfordogs.org\">www.helpfordogs.org<\/a><\/p>\n\n\n\n<p class=\"normalp wp-block-paragraph\">Bitte mailen an: <a href=\"mailto:Corin@feelgoodtravel.de\">Corin@feelgoodtravel.de<\/a><\/p>\n\n\n\n<p class=\"normalp wp-block-paragraph\"><strong>Helfen sie uns mit einer Spende:<\/strong><\/p>\n\n\n\n<p class=\"normalp wp-block-paragraph\">Help for Dogs Thailand<br>Kreis\u00adspar\u00adkasse B\u00f6b\u00adlingen<br>Kon\u00adto\u00adnummer 36 919<br><span class=\"caps\">BLZ<\/span> 603 501 30<br><span class=\"caps\">BIC<\/span>\/<span class=\"caps\">SWIFT<\/span> <span class=\"caps\">BBKRDE6B<\/span><br><span class=\"caps\">IBAN<\/span> <span class=\"caps\">DE05<\/span> 6035 0130 0000 0369&nbsp;19<\/p>\n\n\n\n<figure class=\"wp-block-image normalp\"><img decoding=\"async\" width=\"1024\" height=\"909\" src=\"http:\/\/feelgoodtravel.de\/feelgood\/wp-content\/uploads\/2019\/06\/lasie4-cr-1024x909.jpg\" alt class=\"wp-image-3341\" srcset=\"https:\/\/feelgoodtravel.de\/feelgood\/wp-content\/uploads\/2019\/06\/lasie4-cr-1024x909.jpg 1024w, https:\/\/feelgoodtravel.de\/feelgood\/wp-content\/uploads\/2019\/06\/lasie4-cr-300x266.jpg 300w, https:\/\/feelgoodtravel.de\/feelgood\/wp-content\/uploads\/2019\/06\/lasie4-cr-768x682.jpg 768w, https:\/\/feelgoodtravel.de\/feelgood\/wp-content\/uploads\/2019\/06\/lasie4-cr-1568x1393.jpg 1568w, https:\/\/feelgoodtravel.de\/feelgood\/wp-content\/uploads\/2019\/06\/lasie4-cr.jpg 1734w\" sizes=\"(max-width: 1024px) 100vw, 1024px\"><\/figure>\n\n\n\n<p class=\"normalp wp-block-paragraph\">Das ist Lassie 1 Jahr alt, sie ben\u00f6tigt eine weitere Ope\u00adration am Auge, damit das Auge erhalten bleiben kann. Und Lassie sucht ein gutes Zuhause. Diese arme H\u00fcndin hat schon so viel mit\u00adge\u00admacht. Stand Juni&nbsp;2019<\/p>\n\n\n\n<p class=\"wp-block-paragraph\"><br><\/p>\n","protected":false},"excerpt":{"rendered":"<p>Zur\u00fcck Home <span class=\"caps\">UNSER<\/span> <span class=\"caps\">HILFSPROJEKT<\/span>: <span class=\"caps\">HELP<\/span> <span class=\"caps\">FOR<\/span> <span class=\"caps\">DOGS<\/span> <span class=\"caps\">THAILAND<\/span>&nbsp; Unser Hun\u00adde\u00adhilfs\u00adprojekt \u201cHelp for Dogs Thailand\u201d nimmt kranke Hunde von der Stra\u00dfe auf. Ver\u00adsorgt diese medi\u00adzi\u00adnisch und sucht Adop\u00adti\u00adons\u00adstelle. Jedoch haben wir die letzten Jahre mehr Hunde auf\u00adge\u00adnommen als ver\u00admittelt, so ist unser kleines Tierheim gewachsen, es leben nun immer zwi\u00adschen 15 und 25 Hunden bei&nbsp;uns.&nbsp;[\u2026]<\/p>\n","protected":false},"author":1,"featured_media":0,"parent":0,"menu_order":0,"comment_status":"closed","ping_status":"closed","template":"","meta":{"_crdt_document":"","wp_typography_post_enhancements_disabled":false,"footnotes":""},"class_list":["post-3335","page","type-page","status-publish","hentry"],"yoast_head":"<!-- This site is optimized with the Yoast SEO plugin v27.5 - https:\/\/yoast.com\/product\/yoast-seo-wordpress\/ -->\n<title>Help for Dogs Thailand - Feel Good Travel - Thailand und Indien Reisen<\/title>\n<meta name=\"robots\" content=\"index, follow, max-snippet:-1, max-image-preview:large, max-video-preview:-1\" \/>\n<link rel=\"canonical\" href=\"https:\/\/feelgoodtravel.de\/feelgood\/help-for-dogs-thailand\/\" \/>\n<meta property=\"og:locale\" content=\"de_DE\" \/>\n<meta property=\"og:type\" content=\"article\" \/>\n<meta property=\"og:title\" content=\"Help for Dogs Thailand - Feel Good Travel - Thailand und Indien Reisen\" \/>\n<meta property=\"og:description\" content=\"Zur\u00fcck Home UNSER HILFSPROJEKT: HELP FOR DOGS THAILAND&nbsp; Unser Hun\u00adde\u00adhilfs\u00adprojekt \u201cHelp for Dogs Thailand\u201d nimmt kranke Hunde von der Stra\u00dfe auf. Ver\u00adsorgt diese medi\u00adzi\u00adnisch und sucht Adoptionsstelle. Jedoch haben wir die letzten Jahre mehr Hunde auf\u00adge\u00adnommen als ver\u00admittelt, so ist unser kleines Tierheim gewachsen, es leben nun immer zwi\u00adschen 15 und 25 Hunden bei uns. [&hellip;]\" \/>\n<meta property=\"og:url\" content=\"https:\/\/feelgoodtravel.de\/feelgood\/help-for-dogs-thailand\/\" \/>\n<meta property=\"og:site_name\" content=\"Feel Good Travel - Thailand und Indien Reisen\" \/>\n<meta property=\"article:publisher\" content=\"https:\/\/www.facebook.com\/Feel-Good-Travel-Thailand-408379492551546\/\" \/>\n<meta property=\"article:modified_time\" content=\"2019-06-24T12:38:00+00:00\" \/>\n<meta property=\"og:image\" content=\"https:\/\/feelgoodtravel.de\/feelgood\/wp-content\/uploads\/2019\/06\/CorinnaTierheimQuer-1024x361.jpg\" \/>\n\t<meta property=\"og:image:width\" content=\"1024\" \/>\n\t<meta property=\"og:image:height\" content=\"361\" \/>\n\t<meta property=\"og:image:type\" content=\"image\/jpeg\" \/>\n<meta name=\"twitter:card\" content=\"summary_large_image\" \/>\n<meta name=\"twitter:label1\" content=\"Gesch\u00e4tzte Lesezeit\" \/>\n\t<meta name=\"twitter:data1\" content=\"2\u00a0Minuten\" \/>\n<script type=\"application\/ld+json\" class=\"yoast-schema-graph\">{\"@context\":\"https:\\\/\\\/schema.org\",\"@graph\":[{\"@type\":\"WebPage\",\"@id\":\"https:\\\/\\\/feelgoodtravel.de\\\/feelgood\\\/help-for-dogs-thailand\\\/\",\"url\":\"https:\\\/\\\/feelgoodtravel.de\\\/feelgood\\\/help-for-dogs-thailand\\\/\",\"name\":\"Help for Dogs Thailand - Feel Good Travel - Thailand und Indien Reisen\",\"isPartOf\":{\"@id\":\"https:\\\/\\\/feelgoodtravel.de\\\/feelgood\\\/#website\"},\"primaryImageOfPage\":{\"@id\":\"https:\\\/\\\/feelgoodtravel.de\\\/feelgood\\\/help-for-dogs-thailand\\\/#primaryimage\"},\"image\":{\"@id\":\"https:\\\/\\\/feelgoodtravel.de\\\/feelgood\\\/help-for-dogs-thailand\\\/#primaryimage\"},\"thumbnailUrl\":\"http:\\\/\\\/feelgoodtravel.de\\\/feelgood\\\/wp-content\\\/uploads\\\/2019\\\/06\\\/CorinnaTierheimQuer-1024x361.jpg\",\"datePublished\":\"2019-06-13T13:59:38+00:00\",\"dateModified\":\"2019-06-24T12:38:00+00:00\",\"breadcrumb\":{\"@id\":\"https:\\\/\\\/feelgoodtravel.de\\\/feelgood\\\/help-for-dogs-thailand\\\/#breadcrumb\"},\"inLanguage\":\"de\",\"potentialAction\":[{\"@type\":\"ReadAction\",\"target\":[\"https:\\\/\\\/feelgoodtravel.de\\\/feelgood\\\/help-for-dogs-thailand\\\/\"]}]},{\"@type\":\"ImageObject\",\"inLanguage\":\"de\",\"@id\":\"https:\\\/\\\/feelgoodtravel.de\\\/feelgood\\\/help-for-dogs-thailand\\\/#primaryimage\",\"url\":\"https:\\\/\\\/feelgoodtravel.de\\\/feelgood\\\/wp-content\\\/uploads\\\/2019\\\/06\\\/CorinnaTierheimQuer.jpg\",\"contentUrl\":\"https:\\\/\\\/feelgoodtravel.de\\\/feelgood\\\/wp-content\\\/uploads\\\/2019\\\/06\\\/CorinnaTierheimQuer.jpg\",\"width\":5184,\"height\":1828},{\"@type\":\"BreadcrumbList\",\"@id\":\"https:\\\/\\\/feelgoodtravel.de\\\/feelgood\\\/help-for-dogs-thailand\\\/#breadcrumb\",\"itemListElement\":[{\"@type\":\"ListItem\",\"position\":1,\"name\":\"Startseite\",\"item\":\"https:\\\/\\\/feelgoodtravel.de\\\/feelgood\\\/\"},{\"@type\":\"ListItem\",\"position\":2,\"name\":\"Help for Dogs Thailand\"}]},{\"@type\":\"WebSite\",\"@id\":\"https:\\\/\\\/feelgoodtravel.de\\\/feelgood\\\/#website\",\"url\":\"https:\\\/\\\/feelgoodtravel.de\\\/feelgood\\\/\",\"name\":\"Feel Good Travel - Thailand und Indien Reisen\",\"description\":\"\",\"publisher\":{\"@id\":\"https:\\\/\\\/feelgoodtravel.de\\\/feelgood\\\/#organization\"},\"potentialAction\":[{\"@type\":\"SearchAction\",\"target\":{\"@type\":\"EntryPoint\",\"urlTemplate\":\"https:\\\/\\\/feelgoodtravel.de\\\/feelgood\\\/?s={search_term_string}\"},\"query-input\":{\"@type\":\"PropertyValueSpecification\",\"valueRequired\":true,\"valueName\":\"search_term_string\"}}],\"inLanguage\":\"de\"},{\"@type\":\"Organization\",\"@id\":\"https:\\\/\\\/feelgoodtravel.de\\\/feelgood\\\/#organization\",\"name\":\"Feel Good Travel - Thailand und Indien Reisen\",\"url\":\"https:\\\/\\\/feelgoodtravel.de\\\/feelgood\\\/\",\"logo\":{\"@type\":\"ImageObject\",\"inLanguage\":\"de\",\"@id\":\"https:\\\/\\\/feelgoodtravel.de\\\/feelgood\\\/#\\\/schema\\\/logo\\\/image\\\/\",\"url\":\"https:\\\/\\\/feelgoodtravel.de\\\/feelgood\\\/wp-content\\\/uploads\\\/2023\\\/01\\\/feel-good-travel-logo.gif\",\"contentUrl\":\"https:\\\/\\\/feelgoodtravel.de\\\/feelgood\\\/wp-content\\\/uploads\\\/2023\\\/01\\\/feel-good-travel-logo.gif\",\"width\":230,\"height\":93,\"caption\":\"Feel Good Travel - Thailand und Indien Reisen\"},\"image\":{\"@id\":\"https:\\\/\\\/feelgoodtravel.de\\\/feelgood\\\/#\\\/schema\\\/logo\\\/image\\\/\"},\"sameAs\":[\"https:\\\/\\\/www.facebook.com\\\/Feel-Good-Travel-Thailand-408379492551546\\\/\",\"https:\\\/\\\/www.instagram.com\\\/feelgood.travel\\\/\"]}]}<\/script>\n<!-- \/ Yoast SEO plugin. -->","yoast_head_json":{"title":"Help for Dogs Thailand - Feel Good Travel - Thailand und Indien Reisen","robots":{"index":"index","follow":"follow","max-snippet":"max-snippet:-1","max-image-preview":"max-image-preview:large","max-video-preview":"max-video-preview:-1"},"canonical":"https:\/\/feelgoodtravel.de\/feelgood\/help-for-dogs-thailand\/","og_locale":"de_DE","og_type":"article","og_title":"Help for Dogs Thailand - Feel Good Travel - Thailand und Indien Reisen","og_description":"Zur\u00fcck Home UNSER HILFSPROJEKT: HELP FOR DOGS THAILAND&nbsp; Unser Hun\u00adde\u00adhilfs\u00adprojekt \u201cHelp for Dogs Thailand\u201d nimmt kranke Hunde von der Stra\u00dfe auf. Ver\u00adsorgt diese medi\u00adzi\u00adnisch und sucht Adoptionsstelle. Jedoch haben wir die letzten Jahre mehr Hunde auf\u00adge\u00adnommen als ver\u00admittelt, so ist unser kleines Tierheim gewachsen, es leben nun immer zwi\u00adschen 15 und 25 Hunden bei uns. [&hellip;]","og_url":"https:\/\/feelgoodtravel.de\/feelgood\/help-for-dogs-thailand\/","og_site_name":"Feel Good Travel - Thailand und Indien Reisen","article_publisher":"https:\/\/www.facebook.com\/Feel-Good-Travel-Thailand-408379492551546\/","article_modified_time":"2019-06-24T12:38:00+00:00","og_image":[{"width":1024,"height":361,"url":"https:\/\/feelgoodtravel.de\/feelgood\/wp-content\/uploads\/2019\/06\/CorinnaTierheimQuer-1024x361.jpg","type":"image\/jpeg"}],"twitter_card":"summary_large_image","twitter_misc":{"Gesch\u00e4tzte Lesezeit":"2\u00a0Minuten"},"schema":{"@context":"https:\/\/schema.org","@graph":[{"@type":"WebPage","@id":"https:\/\/feelgoodtravel.de\/feelgood\/help-for-dogs-thailand\/","url":"https:\/\/feelgoodtravel.de\/feelgood\/help-for-dogs-thailand\/","name":"Help for Dogs Thailand - Feel Good Travel - Thailand und Indien Reisen","isPartOf":{"@id":"https:\/\/feelgoodtravel.de\/feelgood\/#website"},"primaryImageOfPage":{"@id":"https:\/\/feelgoodtravel.de\/feelgood\/help-for-dogs-thailand\/#primaryimage"},"image":{"@id":"https:\/\/feelgoodtravel.de\/feelgood\/help-for-dogs-thailand\/#primaryimage"},"thumbnailUrl":"http:\/\/feelgoodtravel.de\/feelgood\/wp-content\/uploads\/2019\/06\/CorinnaTierheimQuer-1024x361.jpg","datePublished":"2019-06-13T13:59:38+00:00","dateModified":"2019-06-24T12:38:00+00:00","breadcrumb":{"@id":"https:\/\/feelgoodtravel.de\/feelgood\/help-for-dogs-thailand\/#breadcrumb"},"inLanguage":"de","potentialAction":[{"@type":"ReadAction","target":["https:\/\/feelgoodtravel.de\/feelgood\/help-for-dogs-thailand\/"]}]},{"@type":"ImageObject","inLanguage":"de","@id":"https:\/\/feelgoodtravel.de\/feelgood\/help-for-dogs-thailand\/#primaryimage","url":"https:\/\/feelgoodtravel.de\/feelgood\/wp-content\/uploads\/2019\/06\/CorinnaTierheimQuer.jpg","contentUrl":"https:\/\/feelgoodtravel.de\/feelgood\/wp-content\/uploads\/2019\/06\/CorinnaTierheimQuer.jpg","width":5184,"height":1828},{"@type":"BreadcrumbList","@id":"https:\/\/feelgoodtravel.de\/feelgood\/help-for-dogs-thailand\/#breadcrumb","itemListElement":[{"@type":"ListItem","position":1,"name":"Startseite","item":"https:\/\/feelgoodtravel.de\/feelgood\/"},{"@type":"ListItem","position":2,"name":"Help for Dogs Thailand"}]},{"@type":"WebSite","@id":"https:\/\/feelgoodtravel.de\/feelgood\/#website","url":"https:\/\/feelgoodtravel.de\/feelgood\/","name":"Feel Good Travel - Thailand und Indien Reisen","description":"","publisher":{"@id":"https:\/\/feelgoodtravel.de\/feelgood\/#organization"},"potentialAction":[{"@type":"SearchAction","target":{"@type":"EntryPoint","urlTemplate":"https:\/\/feelgoodtravel.de\/feelgood\/?s={search_term_string}"},"query-input":{"@type":"PropertyValueSpecification","valueRequired":true,"valueName":"search_term_string"}}],"inLanguage":"de"},{"@type":"Organization","@id":"https:\/\/feelgoodtravel.de\/feelgood\/#organization","name":"Feel Good Travel - Thailand und Indien Reisen","url":"https:\/\/feelgoodtravel.de\/feelgood\/","logo":{"@type":"ImageObject","inLanguage":"de","@id":"https:\/\/feelgoodtravel.de\/feelgood\/#\/schema\/logo\/image\/","url":"https:\/\/feelgoodtravel.de\/feelgood\/wp-content\/uploads\/2023\/01\/feel-good-travel-logo.gif","contentUrl":"https:\/\/feelgoodtravel.de\/feelgood\/wp-content\/uploads\/2023\/01\/feel-good-travel-logo.gif","width":230,"height":93,"caption":"Feel Good Travel - Thailand und Indien Reisen"},"image":{"@id":"https:\/\/feelgoodtravel.de\/feelgood\/#\/schema\/logo\/image\/"},"sameAs":["https:\/\/www.facebook.com\/Feel-Good-Travel-Thailand-408379492551546\/","https:\/\/www.instagram.com\/feelgood.travel\/"]}]}},"rttpg_featured_image_url":null,"rttpg_author":{"display_name":"traveladmin","author_link":"https:\/\/feelgoodtravel.de\/feelgood\/author\/traveladmin\/"},"rttpg_comment":0,"rttpg_category":null,"rttpg_excerpt":"Zur\u00fcck Home UNSER HILFSPROJEKT: HELP FOR DOGS THAILAND&nbsp; Unser Hun\u00adde\u00adhilfs\u00adprojekt \u201cHelp for Dogs Thailand\u201d nimmt kranke Hunde von der Stra\u00dfe auf. Ver\u00adsorgt diese medi\u00adzi\u00adnisch und sucht Adoptionsstelle. Jedoch haben wir die letzten Jahre mehr Hunde auf\u00adge\u00adnommen als ver\u00admittelt, so ist unser kleines Tierheim gewachsen, es leben nun immer zwi\u00adschen 15 und 25 Hunden bei uns.&hellip;","_links":{"self":[{"href":"https:\/\/feelgoodtravel.de\/feelgood\/wp-json\/wp\/v2\/pages\/3335","targetHints":{"allow":["GET"]}}],"collection":[{"href":"https:\/\/feelgoodtravel.de\/feelgood\/wp-json\/wp\/v2\/pages"}],"about":[{"href":"https:\/\/feelgoodtravel.de\/feelgood\/wp-json\/wp\/v2\/types\/page"}],"author":[{"embeddable":true,"href":"https:\/\/feelgoodtravel.de\/feelgood\/wp-json\/wp\/v2\/users\/1"}],"replies":[{"embeddable":true,"href":"https:\/\/feelgoodtravel.de\/feelgood\/wp-json\/wp\/v2\/comments?post=3335"}],"version-history":[{"count":7,"href":"https:\/\/feelgoodtravel.de\/feelgood\/wp-json\/wp\/v2\/pages\/3335\/revisions"}],"predecessor-version":[{"id":4032,"href":"https:\/\/feelgoodtravel.de\/feelgood\/wp-json\/wp\/v2\/pages\/3335\/revisions\/4032"}],"wp:attachment":[{"href":"https:\/\/feelgoodtravel.de\/feelgood\/wp-json\/wp\/v2\/media?parent=3335"}],"curies":[{"name":"wp","href":"https:\/\/api.w.org\/{rel}","templated":true}]}}